{"id":124,"date":"2019-01-20T01:07:46","date_gmt":"2019-01-20T00:07:46","guid":{"rendered":"http:\/\/lesamisdupluc.be\/?page_id=124"},"modified":"2019-04-02T22:11:37","modified_gmt":"2019-04-02T20:11:37","slug":"telechargez","status":"publish","type":"page","link":"https:\/\/lesamisduspluc.be\/index.php\/telechargez\/","title":{"rendered":"T\u00e9l\u00e9chargez"},"content":{"rendered":"\n<p class=\"has-medium-font-size\">En vue d&rsquo;alerter les citoyens, vous pouvez t\u00e9l\u00e9charger ce fichier, l&rsquo;imprimer et le mettre sur votre fen\u00eatre en front de rue.<\/p>\n\n\n\n<p class=\"has-medium-font-size\"><strong>Merci !<\/strong><\/p>\n\n\n\n<div class=\"wp-block-file\"><a href=\"http:\/\/lesamisdupluc.be\/wp-content\/uploads\/2019\/01\/Spluc-112b-2.jpg\">Toute-fen\u00eatre<\/a><a href=\"http:\/\/lesamisdupluc.be\/wp-content\/uploads\/2019\/01\/Spluc-112b-2.jpg\" class=\"wp-block-file__button\" download>T\u00e9l\u00e9charger<\/a><\/div>\n","protected":false},"excerpt":{"rendered":"<p>En vue d&rsquo;alerter les citoyens, vous pouvez t\u00e9l\u00e9charger ce fichier, l&rsquo;imprimer et le mettre sur votre fen\u00eatre en front de rue. Merci !<\/p>\n","protected":false},"author":1,"featured_media":0,"parent":0,"menu_order":0,"comment_status":"closed","ping_status":"closed","template":"","meta":[],"_links":{"self":[{"href":"https:\/\/lesamisduspluc.be\/index.php\/wp-json\/wp\/v2\/pages\/124"}],"collection":[{"href":"https:\/\/lesamisduspluc.be\/index.php\/wp-json\/wp\/v2\/pages"}],"about":[{"href":"https:\/\/lesamisduspluc.be\/index.php\/wp-json\/wp\/v2\/types\/page"}],"author":[{"embeddable":true,"href":"https:\/\/lesamisduspluc.be\/index.php\/wp-json\/wp\/v2\/users\/1"}],"replies":[{"embeddable":true,"href":"https:\/\/lesamisduspluc.be\/index.php\/wp-json\/wp\/v2\/comments?post=124"}],"version-history":[{"count":9,"href":"https:\/\/lesamisduspluc.be\/index.php\/wp-json\/wp\/v2\/pages\/124\/revisions"}],"predecessor-version":[{"id":190,"href":"https:\/\/lesamisduspluc.be\/index.php\/wp-json\/wp\/v2\/pages\/124\/revisions\/190"}],"wp:attachment":[{"href":"https:\/\/lesamisduspluc.be\/index.php\/wp-json\/wp\/v2\/media?parent=124"}],"curies":[{"name":"wp","href":"https:\/\/api.w.org\/{rel}","templated":true}]}}