{"id":202,"date":"2019-01-28T12:40:05","date_gmt":"2019-01-28T11:40:05","guid":{"rendered":"https:\/\/lesamisduspluc.be\/?page_id=202"},"modified":"2019-04-02T22:11:16","modified_gmt":"2019-04-02T20:11:16","slug":"a-propos","status":"publish","type":"page","link":"https:\/\/lesamisduspluc.be\/index.php\/a-propos\/","title":{"rendered":"A propos"},"content":{"rendered":"\n<p class=\"has-medium-font-size\">Ce site est une initiative de paroissiens d\u00e9\u00e7us d\u2019apprendre que leur  \u00e9glise fait l\u2019objet d\u2019un travail de pr\u00e9paration \u00e0 la vente depuis 2 ans  et demi. D\u00e9\u00e7us de ne pas en avoir \u00e9t\u00e9 avertis ! D\u00e9\u00e7us plus encore de  voir que malgr\u00e9 nos d\u00e9marches r\u00e9centes envers les autorit\u00e9s (Fabrique  d\u2019\u00e9glise, \u00e9v\u00eaque, doyen), cette pr\u00e9paration \u00e0 la vente continue.<\/p>\n\n\n\n<p class=\"has-background has-medium-font-size has-very-light-gray-background-color\">Qui sont \u00ab\u00a0Les Amis Du Spluc\u00a0\u00bb ? Toute personne, paroissien, voisin, riverain, citoyen Nivellois ou autre, qui souhaite prendre part d&rsquo;une mani\u00e8re ou d&rsquo;une autre \u00e0 la recherche, \u00e0 l&rsquo;\u00e9laboration, \u00e0 la mise en oeuvre d&rsquo;une v\u00e9ritable solution pour l&rsquo;\u00e9glise. Une alternative cr\u00e9dible \u00e0 la vente pure et simple, incluant la restauration de l&rsquo;\u00e9difice et la pr\u00e9servation de tout ou partie de la destination cultuelle, peut et doit \u00eatre trouv\u00e9e.<\/p>\n\n\n\n<p class=\"has-background has-medium-font-size has-very-light-gray-background-color\">Comme dit l&rsquo;adage, il y a plus d&rsquo;id\u00e9es dans deux t\u00eates que dans une, il y a aussi plus d&rsquo;id\u00e9es dans 100 t\u00eates de paroissiens, riverains, citoyens que dans 7 t\u00eates de fabriciens. Alors bienvenue \u00e0 vous qui avez envie de vous int\u00e9resser \u00e0 ce projet !<\/p>\n\n\n\n<p class=\"has-medium-font-size\"><a href=\"https:\/\/www.facebook.com\/amisduspluc\/\">https:\/\/www.facebook.com\/amisduspluc\/<\/a><\/p>\n\n\n\n<p class=\"has-medium-font-size\">les.amis.du.spluc@gmail.com<\/p>\n\n\n\n<p><a href=\"https:\/\/lesamisduspluc.be\/index.php\/petition\/\"><strong>Signez la p\u00e9tition !<\/strong><\/a><\/p>\n","protected":false},"excerpt":{"rendered":"<p>Ce site est une initiative de paroissiens d\u00e9\u00e7us d\u2019apprendre que leur \u00e9glise fait l\u2019objet d\u2019un travail de pr\u00e9paration \u00e0 la vente depuis 2 ans et demi. D\u00e9\u00e7us de ne pas en avoir \u00e9t\u00e9 avertis ! D\u00e9\u00e7us plus encore de voir que malgr\u00e9 nos d\u00e9marches r\u00e9centes envers les autorit\u00e9s (Fabrique d\u2019\u00e9glise, \u00e9v\u00eaque, doyen), cette pr\u00e9paration \u00e0 [&hellip;]<\/p>\n","protected":false},"author":1,"featured_media":0,"parent":0,"menu_order":5,"comment_status":"closed","ping_status":"closed","template":"","meta":[],"_links":{"self":[{"href":"https:\/\/lesamisduspluc.be\/index.php\/wp-json\/wp\/v2\/pages\/202"}],"collection":[{"href":"https:\/\/lesamisduspluc.be\/index.php\/wp-json\/wp\/v2\/pages"}],"about":[{"href":"https:\/\/lesamisduspluc.be\/index.php\/wp-json\/wp\/v2\/types\/page"}],"author":[{"embeddable":true,"href":"https:\/\/lesamisduspluc.be\/index.php\/wp-json\/wp\/v2\/users\/1"}],"replies":[{"embeddable":true,"href":"https:\/\/lesamisduspluc.be\/index.php\/wp-json\/wp\/v2\/comments?post=202"}],"version-history":[{"count":11,"href":"https:\/\/lesamisduspluc.be\/index.php\/wp-json\/wp\/v2\/pages\/202\/revisions"}],"predecessor-version":[{"id":430,"href":"https:\/\/lesamisduspluc.be\/index.php\/wp-json\/wp\/v2\/pages\/202\/revisions\/430"}],"wp:attachment":[{"href":"https:\/\/lesamisduspluc.be\/index.php\/wp-json\/wp\/v2\/media?parent=202"}],"curies":[{"name":"wp","href":"https:\/\/api.w.org\/{rel}","templated":true}]}}