{"id":25,"date":"2019-01-19T04:36:41","date_gmt":"2019-01-19T03:36:41","guid":{"rendered":"http:\/\/lesamisdupluc.be\/?page_id=25"},"modified":"2019-07-05T02:43:08","modified_gmt":"2019-07-05T00:43:08","slug":"accueil","status":"publish","type":"page","link":"https:\/\/lesamisduspluc.be\/","title":{"rendered":"Accueil"},"content":{"rendered":"\n<ul class=\"has-text-color has-background has-medium-font-size has-vivid-red-color has-very-light-gray-background-color\"><li>29\/06\/2019 : <strong><a href=\"https:\/\/lesamisduspluc.be\/index.php\/2019\/07\/01\/communique-du-vicariat-du-brabant-wallon-concernant-leglise-du-saint-sepulcre-et-le-projet-pastoral-du-centre-ville-190629\/\">Communiqu\u00e9 du Vicariat du Brabant wallon concernant l&rsquo;\u00e9glise du Saint S\u00e9pulcre et le projet pastoral du Centre-Ville<\/a><\/strong>.<\/li><li>En date du 16 mai 2019, nous avons rencontr\u00e9 Mgr. Hudsyn au Vicariat de Wavre pour lui pr\u00e9senter un <a rel=\"noreferrer noopener\" aria-label=\"projet responsable quant \u00e0 l\u2019avenir de notre \u00e9glise du Spluc (s\u2019ouvre dans un nouvel onglet)\" href=\"https:\/\/lesamisduspluc.be\/index.php\/notre-projet\/\" target=\"_blank\"><strong>projet responsable quant \u00e0 l\u2019avenir de notre \u00e9glise du Spluc<\/strong><\/a>. Nous avons trouv\u00e9 une \u00e9coute attentive aupr\u00e8s de Mgr. Hudsyn, il s\u2019est dit sensible \u00e0 notre d\u00e9marche, nous l\u2019avons rassur\u00e9 tant sur le plan pastoral que financier et sur la faisabilit\u00e9 du projet de restauration du Spluc. Prenez-en connaissance <a rel=\"noreferrer noopener\" aria-label=\"ici (s\u2019ouvre dans un nouvel onglet)\" href=\"https:\/\/lesamisduspluc.be\/index.php\/notre-projet\/\" target=\"_blank\">ici<\/a>.<\/li><li><strong>Communiquez-nous votre adresse mail<\/strong> en envoyant un mail \u00e0 l&rsquo;adresse <em><strong>les.amis.du.spluc@gmail.com<\/strong><\/em> de sorte que nous puissions nous mobiliser pour la restauration de notre \u00e9glise ! <\/li><li>Vous voulez contribuer \u00e0 la restauration de l&rsquo;\u00e9glise ? <strong>Faites une promesse de dons<\/strong> \u00e0 l&rsquo;adresse <em><strong>les.amis.du.spluc@gmail.com<\/strong><\/em> ou <strong>dites-nous comment vous pouvez nous aider (aide \u00e0 la restauration, id\u00e9es, savoir-faire, etc)<\/strong>. Nous ne pouvons pas accepter maintenant vos dons car nous attendons la d\u00e9cision de l&rsquo;\u00e9v\u00each\u00e9, et nous avons besoin de l&rsquo;aval de la fabrique. Mais nous pouvons d\u00e9j\u00e0 recevoir vos promesses de dons. Cela nous permettra de pr\u00e9parer notre plan d&rsquo;action. D&rsquo;avance MERCI ! <\/li><li><strong><a rel=\"noreferrer noopener\" aria-label=\"Signez la p\u00e9tition ! (s\u2019ouvre dans un nouvel onglet)\" href=\"http:\/\/chng.it\/LbkDgddh67\" target=\"_blank\">Signez la p\u00e9tition !<\/a> <\/strong><\/li><li><strong>Retour sur la r\u00e9union du mercredi 3 avril<\/strong><ul><li><a href=\"https:\/\/lesamisduspluc.be\/index.php\/retour-sur-le-compte-rendu-de-la-reunion-du-3-avril\/\">Retour sur le compte-rendu de la r\u00e9union<\/a><\/li><li><a href=\"https:\/\/lesamisduspluc.be\/index.php\/position-personnelle-dun-riverain\/\">Position personnelle d&rsquo;un riverain !!!<\/a><\/li><li><a href=\"https:\/\/lesamisduspluc.be\/index.php\/remarques-dun-ami-du-spluc-present-le-3-avril\/\">Remarque d&rsquo;un ami du Spluc pr\u00e9sent le 3 avril<\/a><\/li><li><a href=\"https:\/\/lesamisduspluc.be\/index.php\/retour-sur-les-transparents-de-la-reunion-du-3-avril\/\">Retour sur les transparents de la r\u00e9union<\/a><\/li><li><a href=\"https:\/\/lesamisduspluc.be\/index.php\/retour-sur-la-reunion-du-3-avril\/\">Retour sur la r\u00e9union<\/a> <\/li><\/ul><\/li><\/ul>\n\n\n\n<p><\/p>\n\n\n\n<p class=\"has-medium-font-size\">Ce site est une initiative de paroissiens d\u00e9\u00e7us d&rsquo;apprendre que leur \u00e9glise fait l&rsquo;objet d&rsquo;un travail de pr\u00e9paration \u00e0 la vente depuis presque 3 ans. D\u00e9\u00e7us de ne pas en avoir \u00e9t\u00e9 avertis ! D\u00e9\u00e7us plus encore de voir que malgr\u00e9 nos d\u00e9marches r\u00e9centes envers les autorit\u00e9s (Fabrique d&rsquo;\u00e9glise, \u00e9v\u00eaque, doyen), cette pr\u00e9paration \u00e0 la vente continue.<\/p>\n\n\n\n<p class=\"has-medium-font-size\">Nous sommes tr\u00e8s pr\u00e9occup\u00e9s \u00e0 l\u2019id\u00e9e<\/p>\n\n\n\n<ul class=\"has-medium-font-size\"><li>d\u2019une \u00e9ventuelle <strong>d\u00e9sacralisation<\/strong>, partielle ou enti\u00e8re, du b\u00e2timent. Sachant en outre que le terrain sur lequel est construite l\u2019\u00e9glise, a fait l\u2019objet d\u2019une donation d\u00e9volue enti\u00e8rement \u00e0 la construction de l\u2019\u00e9glise paroissiale du Saint S\u00e9pulcre pour y c\u00e9l\u00e9brer les sacrements.<\/li><li>d\u2019une possible <strong>vente<\/strong> de l\u2019\u00e9difice. Tout a-t-il \u00e9t\u00e9 bien pes\u00e9 ? Est-on s\u00fbr d\u2019en sortir gagnant, financi\u00e8rement et spirituellement ? Le comble est que le fruit de la vente servirait \u00e0 construire une nouvelle \u00e9glise au Petit Baulers !<\/li><li>d\u2019un <strong>dommage certain pour le patrimoine<\/strong> de la ville de Nivelles<\/li><li>d\u2019une prochaine <strong>r\u00e9affectation<\/strong> de l\u2019\u00e9glise. A quoi ? Encore des logements suppl\u00e9mentaires sur Nivelles ? Et on ne parle certainement pas ici de logements sociaux ! Un comble pour l\u2019\u00c9glise !<\/li><li>La vente du Spluc est-elle la premi\u00e8re d\u2019une longue liste dans la r\u00e9gion de Nivelles ?<\/li><\/ul>\n\n\n\n<p class=\"has-medium-font-size\">Nous ne sommes bien entendu pas oppos\u00e9s au projet de construction d\u2019une nouvelle \u00e9glise au Petit Baulers \u00e0 3 km de la n\u00f4tre, ni oppos\u00e9s \u00e0 votre projet de restauration du presbyt\u00e8re de la rue de Namur, <strong>mais pas au d\u00e9triment de notre \u00e9glise paroissiale. <\/strong><\/p>\n\n\n\n<p class=\"has-medium-font-size\">Concr\u00e8tement, nous demandons :<\/p>\n\n\n\n<p class=\"has-background has-medium-font-size has-very-light-gray-background-color\"><strong>\u2022 1. la garantie formelle que toute activit\u00e9 visant \u00e0 la vente ou \u00e0 la pr\u00e9paration de la vente soit gel\u00e9e, suspendue, arr\u00eat\u00e9e pour une p\u00e9riode de 5 ans<\/strong><\/p>\n\n\n\n<p class=\"has-background has-medium-font-size has-very-light-gray-background-color\"><strong>\u2022 2. que les paroissiens puissent prendre part activement \u00e0 la recherche et \u00e0 la mise en oeuvre d\u2019une autre solution plus responsable : une solution pastorale sp\u00e9cialement adapt\u00e9e au Spluc et alentours et une solution financi\u00e8re pour la restauration de l\u2019\u00e9difice.<\/strong><\/p>\n\n\n\n<p class=\"has-medium-font-size\">La premi\u00e8re demande est&nbsp;<strong>imp\u00e9rative&nbsp;<\/strong>et nous consid\u00e9rons que si le processus de vente qui a \u00e9t\u00e9 enclench\u00e9 \u00e9tait maintenu, cela manifesterait une volont\u00e9 d\u2019\u00e9viter tout dialogue avec les paroissiens car bloquant toute alternative \u00e0 la vente, ce qui est totalement inacceptable pour nous.<\/p>\n\n\n\n<p class=\"has-medium-font-size\">La deuxi\u00e8me demande concerne&nbsp;<strong>l\u2019ensemble des paroissiens du St S\u00e9pulcre<\/strong>, et non pas uniquement l\u2019Equipe d\u2019Animation Paroissiale.<\/p>\n\n\n\n<p class=\"has-medium-font-size\">Au cas o\u00f9 la Fabrique se serait hasard\u00e9e \u00e0 signer un contrat l\u2019engageant, nous l\u2019invitons \u00e0 prendre ses responsabilit\u00e9s et tous les moyens n\u00e9cessaires pour se d\u00e9gager de ce contrat, puisque tout cela n\u2019aurait pas \u00e9t\u00e9 fait avec la transparence n\u00e9cessaire et l\u2019accord des paroissiens.<\/p>\n","protected":false},"excerpt":{"rendered":"<p>29\/06\/2019 : Communiqu\u00e9 du Vicariat du Brabant wallon concernant l&rsquo;\u00e9glise du Saint S\u00e9pulcre et le projet pastoral du Centre-Ville. En date du 16 mai 2019, nous avons rencontr\u00e9 Mgr. Hudsyn au Vicariat de Wavre pour lui pr\u00e9senter un projet responsable quant \u00e0 l\u2019avenir de notre \u00e9glise du Spluc. Nous avons trouv\u00e9 une \u00e9coute attentive aupr\u00e8s [&hellip;]<\/p>\n","protected":false},"author":1,"featured_media":0,"parent":0,"menu_order":0,"comment_status":"closed","ping_status":"closed","template":"","meta":[],"_links":{"self":[{"href":"https:\/\/lesamisduspluc.be\/index.php\/wp-json\/wp\/v2\/pages\/25"}],"collection":[{"href":"https:\/\/lesamisduspluc.be\/index.php\/wp-json\/wp\/v2\/pages"}],"about":[{"href":"https:\/\/lesamisduspluc.be\/index.php\/wp-json\/wp\/v2\/types\/page"}],"author":[{"embeddable":true,"href":"https:\/\/lesamisduspluc.be\/index.php\/wp-json\/wp\/v2\/users\/1"}],"replies":[{"embeddable":true,"href":"https:\/\/lesamisduspluc.be\/index.php\/wp-json\/wp\/v2\/comments?post=25"}],"version-history":[{"count":98,"href":"https:\/\/lesamisduspluc.be\/index.php\/wp-json\/wp\/v2\/pages\/25\/revisions"}],"predecessor-version":[{"id":970,"href":"https:\/\/lesamisduspluc.be\/index.php\/wp-json\/wp\/v2\/pages\/25\/revisions\/970"}],"wp:attachment":[{"href":"https:\/\/lesamisduspluc.be\/index.php\/wp-json\/wp\/v2\/media?parent=25"}],"curies":[{"name":"wp","href":"https:\/\/api.w.org\/{rel}","templated":true}]}}